{"id":31,"date":"2024-09-02T12:11:45","date_gmt":"2024-09-02T10:11:45","guid":{"rendered":"https:\/\/3d.synteo.com.pl\/index.php\/forum\/"},"modified":"2024-09-02T12:11:45","modified_gmt":"2024-09-02T10:11:45","slug":"forum","status":"publish","type":"page","link":"https:\/\/3d.synteo.com.pl\/index.php\/forum\/","title":{"rendered":"Forum"},"content":{"rendered":"<div id=\"af-wrapper\"><div id=\"forum-header\"><div id=\"forum-navigation-mobile\"><a><span class=\"fas fa-bars\"><\/span>Menu<\/a><\/div><span class=\"screen-reader-text\">Nawigacja po forum<\/span><div id=\"forum-navigation\"><a class=\"home-link\" href=\"https:\/\/3d.synteo.com.pl\/index.php\/forum\" target=\"_self\">Forum<\/a><a class=\"members-link\" href=\"https:\/\/3d.synteo.com.pl\/index.php\/forum\/members\/\" target=\"_self\">Cz\u0142onkowie<\/a><a class=\"activity-link\" href=\"https:\/\/3d.synteo.com.pl\/index.php\/forum\/activity\/\" target=\"_self\">Aktywno\u015b\u0107<\/a><a class=\"login-link\" href=\"https:\/\/3d.synteo.com.pl\/wp-login.php?redirect_to=https%3A%2F%2F3d.synteo.com.pl%2Findex.php%2Fwp-json%2Fwp%2Fv2%2Fpages%2F31\" target=\"_self\">Logowanie<\/a><a class=\"register-link\" href=\"https:\/\/3d.synteo.com.pl\/wp-login.php?action=register\" target=\"_self\">Zarejestruj si\u0119<\/a><\/div><div id=\"forum-search\"><span class=\"search-icon fas fa-search\"><\/span><form method=\"get\" action=\"https:\/\/3d.synteo.com.pl\/index.php\/forum\/search\/\"><input name=\"keywords\" type=\"search\" placeholder=\"Szukaj ...\" value=\"\"><\/form><\/div><div class=\"clear\"><\/div><\/div><div id=\"forum-breadcrumbs\" itemscope itemtype=\"http:\/\/schema.org\/BreadcrumbList\"><span class=\"screen-reader-text\">\u015acie\u017cka forum - jeste\u015b tutaj:<\/span><span class=\"breadcrumb-icon fas fa-home\"><\/span><span itemprop=\"itemListElement\" itemscope itemtype=\"https:\/\/schema.org\/ListItem\"><a itemprop=\"item\" href=\"https:\/\/3d.synteo.com.pl\/index.php\/forum\" title=\"Forum\"><span itemprop=\"name\">Forum<\/span><\/a><meta itemprop=\"position\" content=\"1\"><\/span><span class=\"breadcrumb-icon fas fa-chevron-right separator\"><\/span><\/div><h1 class=\"main-title main-title-\">Forum<\/h1><div class=\"title-element\" id=\"forum-category-26\">Przyk\u0142adowa kategoria<span class=\"last-post-headline\">Ostatni wpis<\/span><\/div><div class=\"content-container\"><div class=\"content-element forum\" id=\"forum-1\"><div class=\"forum-status read\"><i class=\"fas fa-comments\"><\/i><\/div><div class=\"forum-name\"><a class=\"forum-title\" href=\"https:\/\/3d.synteo.com.pl\/index.php\/forum\/forum\/pierwsze-forum\/\">Forum druku 3d<\/a><small class=\"forum-description\">Moje pierwsze forum.<\/small><small class=\"forum-stats\">0 temat\u00f3w&nbsp;&middot;&nbsp;0 wpis\u00f3w<\/small><small class=\"forum-lastpost-small\"><small class=\"no-topics\">Na razie brak temat\u00f3w!<\/small><\/small><small class=\"forum-subforums\"><b>Subfora:<\/b>&nbsp;<a href=\"https:\/\/3d.synteo.com.pl\/index.php\/forum\/forum\/srodowisko\/\">\u015arodowisko<\/a>&nbsp;&middot;&nbsp;<a href=\"https:\/\/3d.synteo.com.pl\/index.php\/forum\/forum\/sprawy-techniczne\/\">Sprawy techniczne<\/a><\/small><\/div><div class=\"forum-poster\"><small class=\"no-topics\">Na razie brak temat\u00f3w!<\/small><\/div><\/div><\/div><div id=\"read-unread\"><span class=\"indicator unread\"><\/span><span class=\"indicator-label\">Nowe wpisy<\/span><span class=\"indicator read\"><\/span><span class=\"indicator-label\">Nic nowego<\/span><span class=\"indicator-label\"><span class=\"fas fa-check\"><\/span><a href=\"https:\/\/3d.synteo.com.pl\/index.php\/forum\/markallread\/?_wpnonce=92c0898411\">Oznacz wszystkie jako przeczytane<\/a><\/span><span class=\"indicator-label\"><span class=\"fas fa-history\"><\/span><a href=\"https:\/\/3d.synteo.com.pl\/index.php\/forum\/unread\/\">Poka\u017c nieprzeczytane tematy<\/a><\/span><div class=\"clear\"><\/div><\/div><div id=\"statistics\"><div class=\"title-element title-element-dark\"><span class=\"title-element-icon fas fa-chart-pie\"><\/span>Statystyka<\/div><div id=\"statistics-body\"><div id=\"statistics-elements\"><div class=\"statistics-element\"><div class=\"element-number\"><span class=\"statistics-element-icon far fa-comments\"><\/span>0<\/div><div class=\"element-name\">Tematy<\/div><\/div><div class=\"statistics-element\"><div class=\"element-number\"><span class=\"statistics-element-icon far fa-comment\"><\/span>0<\/div><div class=\"element-name\">Wpisy<\/div><\/div><div class=\"statistics-element\"><div class=\"element-number\"><span class=\"statistics-element-icon far fa-eye\"><\/span>0<\/div><div class=\"element-name\">Wy\u015bwietlenia<\/div><\/div><div class=\"statistics-element\"><div class=\"element-number\"><span class=\"statistics-element-icon far fa-user\"><\/span>1<\/div><div class=\"element-name\">U\u017cytkownicy<\/div><\/div><div class=\"statistics-element\"><div class=\"element-number\"><span class=\"statistics-element-icon far fa-lightbulb\"><\/span>0<\/div><div class=\"element-name\">Online<\/div><\/div><\/div><div id=\"statistics-online-users\"><span class=\"online-users-icon fas fa-user\"><\/span>Najnowszy cz\u0142onek:&nbsp;<i><a class=\"profile-link highlight-admin\" href=\"https:\/\/3d.synteo.com.pl\/index.php\/forum\/profile\/3d\/\">3d<\/a><\/i>&nbsp;&middot;&nbsp;<span class=\"online-users-icon fas fa-users\"><\/span><i>Obecnie nie ma nikogo online.<\/i><\/div><\/div><div class=\"clear\"><\/div><\/div><div id=\"bottom-navigation\"><\/div><div class=\"clear\"><\/div><\/div>\n","protected":false},"excerpt":{"rendered":"","protected":false},"author":1,"featured_media":0,"parent":0,"menu_order":0,"comment_status":"closed","ping_status":"closed","template":"","meta":{"footnotes":""},"_links":{"self":[{"href":"https:\/\/3d.synteo.com.pl\/index.php\/wp-json\/wp\/v2\/pages\/31"}],"collection":[{"href":"https:\/\/3d.synteo.com.pl\/index.php\/wp-json\/wp\/v2\/pages"}],"about":[{"href":"https:\/\/3d.synteo.com.pl\/index.php\/wp-json\/wp\/v2\/types\/page"}],"author":[{"embeddable":true,"href":"https:\/\/3d.synteo.com.pl\/index.php\/wp-json\/wp\/v2\/users\/1"}],"replies":[{"embeddable":true,"href":"https:\/\/3d.synteo.com.pl\/index.php\/wp-json\/wp\/v2\/comments?post=31"}],"version-history":[{"count":0,"href":"https:\/\/3d.synteo.com.pl\/index.php\/wp-json\/wp\/v2\/pages\/31\/revisions"}],"wp:attachment":[{"href":"https:\/\/3d.synteo.com.pl\/index.php\/wp-json\/wp\/v2\/media?parent=31"}],"curies":[{"name":"wp","href":"https:\/\/api.w.org\/{rel}","templated":true}]}}